{"id":13,"date":"2024-04-10T15:59:53","date_gmt":"2024-04-10T13:59:53","guid":{"rendered":"http:\/\/coursditalien.paris\/?page_id=13"},"modified":"2024-04-10T16:11:12","modified_gmt":"2024-04-10T14:11:12","slug":"a-propos-de","status":"publish","type":"page","link":"https:\/\/coursditalien.paris\/","title":{"rendered":"Pour se retrouver&#8230;"},"content":{"rendered":"\n<p>Vous voulez apprendre cette belle langue, chantante et s\u00e9duisante mais&#8230; \u00e0 qui faire confiance. L&rsquo;offre de cours d&rsquo;italien \u00e0 Paris est pl\u00e9thorique. Il y a les grandes institutions, les petites associations&#8230; Grand n&rsquo;est pas toujours synonyme de meilleur. Ce site souhaite vous aider \u00e0 faire le bon choix. \u00c0 comprendre les diff\u00e9rences. Ce qui se cache derri\u00e8re un tarif qui, pris en soi, ne veut pas dire grand-chose. <\/p>\n","protected":false},"excerpt":{"rendered":"<p>Vous voulez apprendre cette belle langue, chantante et s\u00e9duisante mais&#8230; \u00e0 qui faire confiance. L&rsquo;offre de cours d&rsquo;italien \u00e0 Paris est pl\u00e9thorique. Il y a les grandes institutions, les petites associations&#8230; Grand n&rsquo;est pas toujours synonyme de meilleur. Ce site souhaite vous aider \u00e0 faire le bon choix. \u00c0 comprendre les diff\u00e9rences. Ce qui se [&hellip;]<\/p>\n","protected":false},"author":1,"featured_media":0,"parent":0,"menu_order":0,"comment_status":"closed","ping_status":"closed","template":"","meta":{"footnotes":""},"class_list":["post-13","page","type-page","status-publish","hentry"],"_links":{"self":[{"href":"https:\/\/coursditalien.paris\/index.php?rest_route=\/wp\/v2\/pages\/13","targetHints":{"allow":["GET"]}}],"collection":[{"href":"https:\/\/coursditalien.paris\/index.php?rest_route=\/wp\/v2\/pages"}],"about":[{"href":"https:\/\/coursditalien.paris\/index.php?rest_route=\/wp\/v2\/types\/page"}],"author":[{"embeddable":true,"href":"https:\/\/coursditalien.paris\/index.php?rest_route=\/wp\/v2\/users\/1"}],"replies":[{"embeddable":true,"href":"https:\/\/coursditalien.paris\/index.php?rest_route=%2Fwp%2Fv2%2Fcomments&post=13"}],"version-history":[{"count":2,"href":"https:\/\/coursditalien.paris\/index.php?rest_route=\/wp\/v2\/pages\/13\/revisions"}],"predecessor-version":[{"id":35,"href":"https:\/\/coursditalien.paris\/index.php?rest_route=\/wp\/v2\/pages\/13\/revisions\/35"}],"wp:attachment":[{"href":"https:\/\/coursditalien.paris\/index.php?rest_route=%2Fwp%2Fv2%2Fmedia&parent=13"}],"curies":[{"name":"wp","href":"https:\/\/api.w.org\/{rel}","templated":true}]}}